{"id":9616,"date":"2004-07-09T13:19:17","date_gmt":"2004-07-09T11:19:17","guid":{"rendered":"https:\/\/arnauddecheurlin.neoweb10.com\/?post_type=product&#038;p=9616"},"modified":"2026-02-06T17:28:46","modified_gmt":"2026-02-06T16:28:46","slug":"reserve-brut-var","status":"publish","type":"product","link":"https:\/\/arnaud-de-cheurlin.com\/en\/product\/reserve-brut-var\/","title":{"rendered":"R\u00e9serve Brut"},"content":{"rendered":"<div class=\"elementor-element elementor-element-41bcad9f desc-boutique elementor-hidden-mobile elementor-widget elementor-widget-text-editor\" data-id=\"41bcad9f\" data-element_type=\"widget\" data-settings=\"{&quot;ekit_we_effect_on&quot;:&quot;none&quot;}\" data-widget_type=\"text-editor.default\">\n<div class=\"elementor-widget-container\">\n<p>(75% Pinot Noir \u2013 25% Chardonnay) Its golden hue reflects its predominant Pinot Noir content. The Chardonnay adds notes of citrus and white peaches. The initial taste is smooth and fruity. Rich and elegant, it can be enjoyed as an aperitif or paired with roasted poultry or a washed-rind cheese.<\/p>\n<\/div>\n<\/div>","protected":false},"excerpt":{"rendered":"<div class=\"elementor-element elementor-element-41bcad9f desc-boutique elementor-hidden-mobile elementor-widget elementor-widget-text-editor\" data-id=\"41bcad9f\" data-element_type=\"widget\" data-settings=\"{&quot;ekit_we_effect_on&quot;:&quot;none&quot;}\" data-widget_type=\"text-editor.default\">\n<div class=\"elementor-widget-container\">\n<p>(75% Pinot Noir \u2013 25% Chardonnay) Its golden hue reflects its predominant Pinot Noir content. The Chardonnay adds notes of citrus and white peaches. The initial taste is smooth and fruity. Rich and elegant, it can be enjoyed as an aperitif or paired with roasted poultry or a washed-rind cheese.<\/p>\n<\/div>\n<\/div>","protected":false},"featured_media":8368,"template":"","meta":{"_uag_custom_page_level_css":"","jetpack_post_was_ever_published":false},"product_brand":[],"product_cat":[114],"product_tag":[],"class_list":{"0":"post-9616","1":"product","2":"type-product","3":"status-publish","4":"has-post-thumbnail","6":"product_cat-non-classe","8":"first","9":"instock","10":"purchasable","11":"product-type-variable","12":"has-default-attributes"},"uagb_featured_image_src":{"full":["https:\/\/arnaud-de-cheurlin.com\/wp-content\/uploads\/2024\/06\/champagne-reserve-brut-1.png",194,550,false],"thumbnail":["https:\/\/arnaud-de-cheurlin.com\/wp-content\/uploads\/2024\/06\/champagne-reserve-brut-1-150x150.png",150,150,true],"medium":["https:\/\/arnaud-de-cheurlin.com\/wp-content\/uploads\/2024\/06\/champagne-reserve-brut-1-106x300.png",106,300,true],"medium_large":["https:\/\/arnaud-de-cheurlin.com\/wp-content\/uploads\/2024\/06\/champagne-reserve-brut-1.png",194,550,false],"large":["https:\/\/arnaud-de-cheurlin.com\/wp-content\/uploads\/2024\/06\/champagne-reserve-brut-1.png",194,550,false],"1536x1536":["https:\/\/arnaud-de-cheurlin.com\/wp-content\/uploads\/2024\/06\/champagne-reserve-brut-1.png",194,550,false],"2048x2048":["https:\/\/arnaud-de-cheurlin.com\/wp-content\/uploads\/2024\/06\/champagne-reserve-brut-1.png",194,550,false],"trp-custom-language-flag":["https:\/\/arnaud-de-cheurlin.com\/wp-content\/uploads\/2024\/06\/champagne-reserve-brut-1-4x12.png",4,12,true],"post-thumbnail":["https:\/\/arnaud-de-cheurlin.com\/wp-content\/uploads\/2024\/06\/champagne-reserve-brut-1.png",194,550,false],"woocommerce_thumbnail":["https:\/\/arnaud-de-cheurlin.com\/wp-content\/uploads\/2024\/06\/champagne-reserve-brut-1.png",194,550,false],"woocommerce_single":["https:\/\/arnaud-de-cheurlin.com\/wp-content\/uploads\/2024\/06\/champagne-reserve-brut-1.png",194,550,false],"woocommerce_gallery_thumbnail":["https:\/\/arnaud-de-cheurlin.com\/wp-content\/uploads\/2024\/06\/champagne-reserve-brut-1-194x320.png",194,320,true]},"uagb_author_info":{"display_name":"jojo_iso36","author_link":"https:\/\/arnaud-de-cheurlin.com\/en\/author\/"},"uagb_comment_info":0,"uagb_excerpt":"(75% Pinot noir \u2013 25% Chardonnay) Sa parure aux reflets or t\u00e9moigne de sa dominante Pinot noir. Le Chardonnay apporte des touches d\u2019agrumes et de p\u00eaches blanches. La mise en bouche est caressante et fruit\u00e9e. Gourmand et \u00e9l\u00e9gant, il se d\u00e9gustera \u00e0 l\u2019ap\u00e9ritif mais \u00e9galement sur une volaille r\u00f4tie ou sur un fromage \u00e0 cro\u00fbte&hellip;","jetpack_sharing_enabled":true,"_links":{"self":[{"href":"https:\/\/arnaud-de-cheurlin.com\/en\/wp-json\/wp\/v2\/product\/9616","targetHints":{"allow":["GET"]}}],"collection":[{"href":"https:\/\/arnaud-de-cheurlin.com\/en\/wp-json\/wp\/v2\/product"}],"about":[{"href":"https:\/\/arnaud-de-cheurlin.com\/en\/wp-json\/wp\/v2\/types\/product"}],"wp:featuredmedia":[{"embeddable":true,"href":"https:\/\/arnaud-de-cheurlin.com\/en\/wp-json\/wp\/v2\/media\/8368"}],"wp:attachment":[{"href":"https:\/\/arnaud-de-cheurlin.com\/en\/wp-json\/wp\/v2\/media?parent=9616"}],"wp:term":[{"taxonomy":"product_brand","embeddable":true,"href":"https:\/\/arnaud-de-cheurlin.com\/en\/wp-json\/wp\/v2\/product_brand?post=9616"},{"taxonomy":"product_cat","embeddable":true,"href":"https:\/\/arnaud-de-cheurlin.com\/en\/wp-json\/wp\/v2\/product_cat?post=9616"},{"taxonomy":"product_tag","embeddable":true,"href":"https:\/\/arnaud-de-cheurlin.com\/en\/wp-json\/wp\/v2\/product_tag?post=9616"}],"curies":[{"name":"wp","href":"https:\/\/api.w.org\/{rel}","templated":true}]}}