{"id":8634,"date":"2024-06-30T21:23:20","date_gmt":"2024-06-30T19:23:20","guid":{"rendered":"https:\/\/arnauddecheurlin.neoweb10.com\/?post_type=product&#038;p=8634"},"modified":"2024-07-13T20:20:42","modified_gmt":"2024-07-13T18:20:42","slug":"coffret-decouverte-6-bouteilles-au-choix","status":"publish","type":"product","link":"https:\/\/arnaud-de-cheurlin.com\/en\/product\/coffret-decouverte-6-bouteilles-au-choix\/","title":{"rendered":"Coffret d\u00e9couverte"},"content":{"rendered":"<p>Choisissez 6 bouteilles de champagne diff\u00e9rentes et d\u00e9couvrez les cuv\u00e9es de notre maison Arnaud de Cheurlin.<\/p>","protected":false},"excerpt":{"rendered":"<p>Choisissez 6 bouteilles de champagne diff\u00e9rentes et d\u00e9couvrez les cuv\u00e9es de notre maison Arnaud de Cheurlin.<\/p>","protected":false},"featured_media":8630,"template":"","meta":{"_uag_custom_page_level_css":"","jetpack_post_was_ever_published":false},"product_brand":[],"product_cat":[15],"product_tag":[],"class_list":{"0":"post-8634","1":"product","2":"type-product","3":"status-publish","4":"has-post-thumbnail","6":"product_cat-uncategorized","8":"first","9":"instock","10":"shipping-taxable","11":"purchasable","12":"product-type-woosb"},"uagb_featured_image_src":{"full":["https:\/\/arnaud-de-cheurlin.com\/wp-content\/uploads\/2024\/06\/coffret-decouverte-champagne2.png",793,599,false],"thumbnail":["https:\/\/arnaud-de-cheurlin.com\/wp-content\/uploads\/2024\/06\/coffret-decouverte-champagne2-150x150.png",150,150,true],"medium":["https:\/\/arnaud-de-cheurlin.com\/wp-content\/uploads\/2024\/06\/coffret-decouverte-champagne2-300x227.png",300,227,true],"medium_large":["https:\/\/arnaud-de-cheurlin.com\/wp-content\/uploads\/2024\/06\/coffret-decouverte-champagne2-768x580.png",768,580,true],"large":["https:\/\/arnaud-de-cheurlin.com\/wp-content\/uploads\/2024\/06\/coffret-decouverte-champagne2.png",793,599,false],"1536x1536":["https:\/\/arnaud-de-cheurlin.com\/wp-content\/uploads\/2024\/06\/coffret-decouverte-champagne2.png",793,599,false],"2048x2048":["https:\/\/arnaud-de-cheurlin.com\/wp-content\/uploads\/2024\/06\/coffret-decouverte-champagne2.png",793,599,false],"trp-custom-language-flag":["https:\/\/arnaud-de-cheurlin.com\/wp-content\/uploads\/2024\/06\/coffret-decouverte-champagne2-16x12.png",16,12,true],"post-thumbnail":["https:\/\/arnaud-de-cheurlin.com\/wp-content\/uploads\/2024\/06\/coffret-decouverte-champagne2.png",793,599,false],"woocommerce_thumbnail":["https:\/\/arnaud-de-cheurlin.com\/wp-content\/uploads\/2024\/06\/coffret-decouverte-champagne2-640x483.png",640,483,true],"woocommerce_single":["https:\/\/arnaud-de-cheurlin.com\/wp-content\/uploads\/2024\/06\/coffret-decouverte-champagne2.png",793,599,false],"woocommerce_gallery_thumbnail":["https:\/\/arnaud-de-cheurlin.com\/wp-content\/uploads\/2024\/06\/coffret-decouverte-champagne2-320x320.png",320,320,true]},"uagb_author_info":{"display_name":"jojo_iso36","author_link":"https:\/\/arnaud-de-cheurlin.com\/en\/author\/"},"uagb_comment_info":0,"uagb_excerpt":"Choisissez 6 bouteilles de champagne diff\u00e9rentes et d\u00e9couvrez les cuv\u00e9es de notre maison Arnaud de Cheurlin.","jetpack_sharing_enabled":true,"_links":{"self":[{"href":"https:\/\/arnaud-de-cheurlin.com\/en\/wp-json\/wp\/v2\/product\/8634","targetHints":{"allow":["GET"]}}],"collection":[{"href":"https:\/\/arnaud-de-cheurlin.com\/en\/wp-json\/wp\/v2\/product"}],"about":[{"href":"https:\/\/arnaud-de-cheurlin.com\/en\/wp-json\/wp\/v2\/types\/product"}],"wp:featuredmedia":[{"embeddable":true,"href":"https:\/\/arnaud-de-cheurlin.com\/en\/wp-json\/wp\/v2\/media\/8630"}],"wp:attachment":[{"href":"https:\/\/arnaud-de-cheurlin.com\/en\/wp-json\/wp\/v2\/media?parent=8634"}],"wp:term":[{"taxonomy":"product_brand","embeddable":true,"href":"https:\/\/arnaud-de-cheurlin.com\/en\/wp-json\/wp\/v2\/product_brand?post=8634"},{"taxonomy":"product_cat","embeddable":true,"href":"https:\/\/arnaud-de-cheurlin.com\/en\/wp-json\/wp\/v2\/product_cat?post=8634"},{"taxonomy":"product_tag","embeddable":true,"href":"https:\/\/arnaud-de-cheurlin.com\/en\/wp-json\/wp\/v2\/product_tag?post=8634"}],"curies":[{"name":"wp","href":"https:\/\/api.w.org\/{rel}","templated":true}]}}