{"id":8362,"date":"2005-06-29T17:09:36","date_gmt":"2005-06-29T15:09:36","guid":{"rendered":"https:\/\/arnauddecheurlin.neoweb10.com\/?post_type=product&#038;p=8362"},"modified":"2026-02-06T17:20:26","modified_gmt":"2026-02-06T16:20:26","slug":"cuvee-faustine-brut","status":"publish","type":"product","link":"https:\/\/arnaud-de-cheurlin.com\/en\/product\/cuvee-faustine-brut\/","title":{"rendered":"Cuv\u00e9e Faustine Brut"},"content":{"rendered":"<div class=\"elementor-element elementor-element-5da2dc54 elementor-hidden-mobile elementor-widget elementor-widget-text-editor\" data-id=\"5da2dc54\" data-element_type=\"widget\" data-settings=\"{&quot;ekit_we_effect_on&quot;:&quot;none&quot;}\" data-widget_type=\"text-editor.default\">\n<div class=\"elementor-widget-container\">(100% Pinot Noir) This champagne features a lovely light straw color. Numerous streams of bubbles create a fine, persistent mousse. Notes of slightly candied fruits, pear, and white peach greet the taster, accompanied by subtle hints of vanilla and brioche. With aeration, some notes of candied citrus and ripe wheat emerge. The initial mouthfeel is generous and refreshing with white fruit flavors. The well-balanced dosage allows the wine to express itself with a beautiful Kimmeridgian mineral finish.<\/div>\n<\/div>","protected":false},"excerpt":{"rendered":"<div class=\"elementor-element elementor-element-5da2dc54 elementor-hidden-mobile elementor-widget elementor-widget-text-editor\" data-id=\"5da2dc54\" data-element_type=\"widget\" data-settings=\"{&quot;ekit_we_effect_on&quot;:&quot;none&quot;}\" data-widget_type=\"text-editor.default\">\n<div class=\"elementor-widget-container\">(100% Pinot Noir) This champagne features a lovely light straw color. Numerous streams of bubbles create a fine, persistent mousse. Notes of slightly candied fruits, pear, and white peach greet the taster, accompanied by subtle hints of vanilla and brioche. With aeration, some notes of candied citrus and ripe wheat emerge. The initial mouthfeel is generous and refreshing with white fruit flavors. The well-balanced dosage allows the wine to express itself with a beautiful Kimmeridgian mineral finish.<\/div>\n<\/div>","protected":false},"featured_media":8374,"template":"","meta":{"_uag_custom_page_level_css":"","jetpack_post_was_ever_published":false},"product_brand":[],"product_cat":[114],"product_tag":[],"class_list":{"0":"post-8362","1":"product","2":"type-product","3":"status-publish","4":"has-post-thumbnail","6":"product_cat-non-classe","8":"first","9":"instock","10":"purchasable","11":"product-type-variable","12":"has-default-attributes"},"uagb_featured_image_src":{"full":["https:\/\/arnaud-de-cheurlin.com\/wp-content\/uploads\/2024\/06\/faustine-trans.png",194,550,false],"thumbnail":["https:\/\/arnaud-de-cheurlin.com\/wp-content\/uploads\/2024\/06\/faustine-trans-150x150.png",150,150,true],"medium":["https:\/\/arnaud-de-cheurlin.com\/wp-content\/uploads\/2024\/06\/faustine-trans-106x300.png",106,300,true],"medium_large":["https:\/\/arnaud-de-cheurlin.com\/wp-content\/uploads\/2024\/06\/faustine-trans.png",194,550,false],"large":["https:\/\/arnaud-de-cheurlin.com\/wp-content\/uploads\/2024\/06\/faustine-trans.png",194,550,false],"1536x1536":["https:\/\/arnaud-de-cheurlin.com\/wp-content\/uploads\/2024\/06\/faustine-trans.png",194,550,false],"2048x2048":["https:\/\/arnaud-de-cheurlin.com\/wp-content\/uploads\/2024\/06\/faustine-trans.png",194,550,false],"trp-custom-language-flag":["https:\/\/arnaud-de-cheurlin.com\/wp-content\/uploads\/2024\/06\/faustine-trans-4x12.png",4,12,true],"post-thumbnail":["https:\/\/arnaud-de-cheurlin.com\/wp-content\/uploads\/2024\/06\/faustine-trans.png",194,550,false],"woocommerce_thumbnail":["https:\/\/arnaud-de-cheurlin.com\/wp-content\/uploads\/2024\/06\/faustine-trans.png",194,550,false],"woocommerce_single":["https:\/\/arnaud-de-cheurlin.com\/wp-content\/uploads\/2024\/06\/faustine-trans.png",194,550,false],"woocommerce_gallery_thumbnail":["https:\/\/arnaud-de-cheurlin.com\/wp-content\/uploads\/2024\/06\/faustine-trans-194x320.png",194,320,true]},"uagb_author_info":{"display_name":"jojo_iso36","author_link":"https:\/\/arnaud-de-cheurlin.com\/en\/author\/"},"uagb_comment_info":0,"uagb_excerpt":"(100% Pinot noir) Ce Champagne s\u2019habille d\u2019une jolie robe paille claire. De nombreux trains de bulles viennent nourrir un fin cordon persistant. Des notes de fruits l\u00e9g\u00e8rement confitur\u00e9s, poire, p\u00eache blanche accueillent le d\u00e9gustateur associ\u00e9s \u00e0 des touches l\u00e9g\u00e8rement vanill\u00e9es et brioch\u00e9es. A l\u2019a\u00e9ration quelques notes d\u2019agrumes confits et de bl\u00e9s m\u00fbrs apparaissent. La mise&hellip;","jetpack_sharing_enabled":true,"_links":{"self":[{"href":"https:\/\/arnaud-de-cheurlin.com\/en\/wp-json\/wp\/v2\/product\/8362","targetHints":{"allow":["GET"]}}],"collection":[{"href":"https:\/\/arnaud-de-cheurlin.com\/en\/wp-json\/wp\/v2\/product"}],"about":[{"href":"https:\/\/arnaud-de-cheurlin.com\/en\/wp-json\/wp\/v2\/types\/product"}],"wp:featuredmedia":[{"embeddable":true,"href":"https:\/\/arnaud-de-cheurlin.com\/en\/wp-json\/wp\/v2\/media\/8374"}],"wp:attachment":[{"href":"https:\/\/arnaud-de-cheurlin.com\/en\/wp-json\/wp\/v2\/media?parent=8362"}],"wp:term":[{"taxonomy":"product_brand","embeddable":true,"href":"https:\/\/arnaud-de-cheurlin.com\/en\/wp-json\/wp\/v2\/product_brand?post=8362"},{"taxonomy":"product_cat","embeddable":true,"href":"https:\/\/arnaud-de-cheurlin.com\/en\/wp-json\/wp\/v2\/product_cat?post=8362"},{"taxonomy":"product_tag","embeddable":true,"href":"https:\/\/arnaud-de-cheurlin.com\/en\/wp-json\/wp\/v2\/product_tag?post=8362"}],"curies":[{"name":"wp","href":"https:\/\/api.w.org\/{rel}","templated":true}]}}