{"id":8360,"date":"2002-06-29T17:09:36","date_gmt":"2002-06-29T15:09:36","guid":{"rendered":"https:\/\/arnauddecheurlin.neoweb10.com\/?post_type=product&#038;p=8360"},"modified":"2026-02-06T17:36:49","modified_gmt":"2026-02-06T16:36:49","slug":"blanc-de-blancs-brut","status":"publish","type":"product","link":"https:\/\/arnaud-de-cheurlin.com\/en\/product\/blanc-de-blancs-brut\/","title":{"rendered":"Blanc de Blancs Brut"},"content":{"rendered":"<div class=\"elementor-element elementor-element-2a120496 desc-boutique elementor-hidden-mobile elementor-widget elementor-widget-text-editor\" data-id=\"2a120496\" data-element_type=\"widget\" data-settings=\"{&quot;ekit_we_effect_on&quot;:&quot;none&quot;}\" data-widget_type=\"text-editor.default\">\n<div class=\"elementor-widget-container\">\n<div class=\"elementor-element elementor-element-2a120496 desc-boutique elementor-hidden-mobile elementor-widget elementor-widget-text-editor\" data-id=\"2a120496\" data-element_type=\"widget\" data-settings=\"{&quot;ekit_we_effect_on&quot;:&quot;none&quot;}\" data-widget_type=\"text-editor.default\">\n<div class=\"elementor-widget-container\">(100% Chardonnay) This champagne presents a beautiful pale yellow color. The fine and airy nose reveals notes of citrus, white fruits, and floral hints. With aeration, this 100% Chardonnay opens up to woody touches. Ideal as an aperitif and with shellfish such as lobster or langoustine.<\/div>\n<\/div>\n<\/div>\n<\/div>","protected":false},"excerpt":{"rendered":"<div class=\"elementor-element elementor-element-2a120496 desc-boutique elementor-hidden-mobile elementor-widget elementor-widget-text-editor\" data-id=\"2a120496\" data-element_type=\"widget\" data-settings=\"{&quot;ekit_we_effect_on&quot;:&quot;none&quot;}\" data-widget_type=\"text-editor.default\">\n<div class=\"elementor-widget-container\">(100% Chardonnay) This champagne presents a beautiful pale yellow color. The fine and airy nose reveals notes of citrus, white fruits, and floral hints. With aeration, this 100% Chardonnay opens up to woody touches. Ideal as an aperitif and with shellfish such as lobster or langoustine.<\/div>\n<\/div>","protected":false},"featured_media":8373,"template":"","meta":{"_uag_custom_page_level_css":"","jetpack_post_was_ever_published":false},"product_brand":[],"product_cat":[114],"product_tag":[],"class_list":{"0":"post-8360","1":"product","2":"type-product","3":"status-publish","4":"has-post-thumbnail","6":"product_cat-non-classe","8":"first","9":"instock","10":"purchasable","11":"product-type-variable","12":"has-default-attributes"},"uagb_featured_image_src":{"full":["https:\/\/arnaud-de-cheurlin.com\/wp-content\/uploads\/2024\/06\/blanc-trans.png",194,550,false],"thumbnail":["https:\/\/arnaud-de-cheurlin.com\/wp-content\/uploads\/2024\/06\/blanc-trans-150x150.png",150,150,true],"medium":["https:\/\/arnaud-de-cheurlin.com\/wp-content\/uploads\/2024\/06\/blanc-trans-106x300.png",106,300,true],"medium_large":["https:\/\/arnaud-de-cheurlin.com\/wp-content\/uploads\/2024\/06\/blanc-trans.png",194,550,false],"large":["https:\/\/arnaud-de-cheurlin.com\/wp-content\/uploads\/2024\/06\/blanc-trans.png",194,550,false],"1536x1536":["https:\/\/arnaud-de-cheurlin.com\/wp-content\/uploads\/2024\/06\/blanc-trans.png",194,550,false],"2048x2048":["https:\/\/arnaud-de-cheurlin.com\/wp-content\/uploads\/2024\/06\/blanc-trans.png",194,550,false],"trp-custom-language-flag":["https:\/\/arnaud-de-cheurlin.com\/wp-content\/uploads\/2024\/06\/blanc-trans-4x12.png",4,12,true],"post-thumbnail":["https:\/\/arnaud-de-cheurlin.com\/wp-content\/uploads\/2024\/06\/blanc-trans.png",194,550,false],"woocommerce_thumbnail":["https:\/\/arnaud-de-cheurlin.com\/wp-content\/uploads\/2024\/06\/blanc-trans.png",194,550,false],"woocommerce_single":["https:\/\/arnaud-de-cheurlin.com\/wp-content\/uploads\/2024\/06\/blanc-trans.png",194,550,false],"woocommerce_gallery_thumbnail":["https:\/\/arnaud-de-cheurlin.com\/wp-content\/uploads\/2024\/06\/blanc-trans-194x320.png",194,320,true]},"uagb_author_info":{"display_name":"jojo_iso36","author_link":"https:\/\/arnaud-de-cheurlin.com\/en\/author\/"},"uagb_comment_info":0,"uagb_excerpt":"(100% Chardonnay) Ce champagne se d\u00e9voile dans un bel habit jaune p\u00e2le. Le nez fin et a\u00e9rien r\u00e9v\u00e8le des notes d\u2019agrumes associ\u00e9es \u00e0 des fruits blancs et \u00e0 des notes florales. A l\u2019a\u00e9ration, ce 100% chardonnay s\u2019ouvre sur des touches bois\u00e9es. Id\u00e9al \u00e0 l\u2019ap\u00e9ritif et en accompagnement de crustac\u00e9s tels le homard ou la langouste.","jetpack_sharing_enabled":true,"_links":{"self":[{"href":"https:\/\/arnaud-de-cheurlin.com\/en\/wp-json\/wp\/v2\/product\/8360","targetHints":{"allow":["GET"]}}],"collection":[{"href":"https:\/\/arnaud-de-cheurlin.com\/en\/wp-json\/wp\/v2\/product"}],"about":[{"href":"https:\/\/arnaud-de-cheurlin.com\/en\/wp-json\/wp\/v2\/types\/product"}],"wp:featuredmedia":[{"embeddable":true,"href":"https:\/\/arnaud-de-cheurlin.com\/en\/wp-json\/wp\/v2\/media\/8373"}],"wp:attachment":[{"href":"https:\/\/arnaud-de-cheurlin.com\/en\/wp-json\/wp\/v2\/media?parent=8360"}],"wp:term":[{"taxonomy":"product_brand","embeddable":true,"href":"https:\/\/arnaud-de-cheurlin.com\/en\/wp-json\/wp\/v2\/product_brand?post=8360"},{"taxonomy":"product_cat","embeddable":true,"href":"https:\/\/arnaud-de-cheurlin.com\/en\/wp-json\/wp\/v2\/product_cat?post=8360"},{"taxonomy":"product_tag","embeddable":true,"href":"https:\/\/arnaud-de-cheurlin.com\/en\/wp-json\/wp\/v2\/product_tag?post=8360"}],"curies":[{"name":"wp","href":"https:\/\/api.w.org\/{rel}","templated":true}]}}