{"id":8354,"date":"2006-06-29T17:09:35","date_gmt":"2006-06-29T15:09:35","guid":{"rendered":"https:\/\/arnauddecheurlin.neoweb10.com\/?post_type=product&#038;p=8354"},"modified":"2026-02-06T15:07:21","modified_gmt":"2026-02-06T14:07:21","slug":"carte-noire-demi-sec","status":"publish","type":"product","link":"https:\/\/arnaud-de-cheurlin.com\/en\/product\/carte-noire-demi-sec\/","title":{"rendered":"Carte Noire Demi-Sec"},"content":{"rendered":"<div class=\"elementor-element elementor-element-74d798d6 desc-boutique elementor-hidden-mobile elementor-widget elementor-widget-text-editor\" data-id=\"74d798d6\" data-element_type=\"widget\" data-settings=\"{&quot;ekit_we_effect_on&quot;:&quot;none&quot;}\" data-widget_type=\"text-editor.default\">\n<div class=\"elementor-widget-container\">(50% Pinot Noir \u2013 50% Pinot Meunier) Generous and rich with the different grape varieties it contains, Pinot Noir and Meunier, this champagne is adorned with a lovely golden-yellow hue. Made from various vintages, it offers a fruity and generous nose dominated by red fruits and vine peaches. It is the quintessential aperitif champagne (with a thousand flavors).<\/div>\n<\/div>","protected":false},"excerpt":{"rendered":"<div class=\"elementor-element elementor-element-74d798d6 desc-boutique elementor-hidden-mobile elementor-widget elementor-widget-text-editor\" data-id=\"74d798d6\" data-element_type=\"widget\" data-settings=\"{&quot;ekit_we_effect_on&quot;:&quot;none&quot;}\" data-widget_type=\"text-editor.default\">\n<div class=\"elementor-widget-container\">(50% Pinot Noir \u2013 50% Pinot Meunier) Generous and rich with the different grape varieties it contains, Pinot Noir and Meunier, this champagne is adorned with a lovely golden-yellow hue. Made from various vintages, it offers a fruity and generous nose dominated by red fruits and vine peaches. It is the quintessential aperitif champagne (with a thousand flavors).<\/div>\n<\/div>","protected":false},"featured_media":8372,"template":"","meta":{"_uag_custom_page_level_css":"","jetpack_post_was_ever_published":false},"product_brand":[],"product_cat":[114],"product_tag":[],"class_list":{"0":"post-8354","1":"product","2":"type-product","3":"status-publish","4":"has-post-thumbnail","6":"product_cat-non-classe","8":"first","9":"instock","10":"shipping-taxable","11":"purchasable","12":"product-type-variable","13":"has-default-attributes"},"uagb_featured_image_src":{"full":["https:\/\/arnaud-de-cheurlin.com\/wp-content\/uploads\/2024\/06\/champagne-carte-noir-demi-sec.png",194,550,false],"thumbnail":["https:\/\/arnaud-de-cheurlin.com\/wp-content\/uploads\/2024\/06\/champagne-carte-noir-demi-sec-150x150.png",150,150,true],"medium":["https:\/\/arnaud-de-cheurlin.com\/wp-content\/uploads\/2024\/06\/champagne-carte-noir-demi-sec-106x300.png",106,300,true],"medium_large":["https:\/\/arnaud-de-cheurlin.com\/wp-content\/uploads\/2024\/06\/champagne-carte-noir-demi-sec.png",194,550,false],"large":["https:\/\/arnaud-de-cheurlin.com\/wp-content\/uploads\/2024\/06\/champagne-carte-noir-demi-sec.png",194,550,false],"1536x1536":["https:\/\/arnaud-de-cheurlin.com\/wp-content\/uploads\/2024\/06\/champagne-carte-noir-demi-sec.png",194,550,false],"2048x2048":["https:\/\/arnaud-de-cheurlin.com\/wp-content\/uploads\/2024\/06\/champagne-carte-noir-demi-sec.png",194,550,false],"trp-custom-language-flag":["https:\/\/arnaud-de-cheurlin.com\/wp-content\/uploads\/2024\/06\/champagne-carte-noir-demi-sec-4x12.png",4,12,true],"post-thumbnail":["https:\/\/arnaud-de-cheurlin.com\/wp-content\/uploads\/2024\/06\/champagne-carte-noir-demi-sec.png",194,550,false],"woocommerce_thumbnail":["https:\/\/arnaud-de-cheurlin.com\/wp-content\/uploads\/2024\/06\/champagne-carte-noir-demi-sec.png",194,550,false],"woocommerce_single":["https:\/\/arnaud-de-cheurlin.com\/wp-content\/uploads\/2024\/06\/champagne-carte-noir-demi-sec.png",194,550,false],"woocommerce_gallery_thumbnail":["https:\/\/arnaud-de-cheurlin.com\/wp-content\/uploads\/2024\/06\/champagne-carte-noir-demi-sec-194x320.png",194,320,true]},"uagb_author_info":{"display_name":"jojo_iso36","author_link":"https:\/\/arnaud-de-cheurlin.com\/en\/author\/"},"uagb_comment_info":0,"uagb_excerpt":"(50% Pinot noir \u2013 50% Pinot meunier) G\u00e9n\u00e9reux et riche des diff\u00e9rents c\u00e9pages qui le composent, pinot noir et meunier, ce champagne est orn\u00e9 d\u2019une jolie toison jaune-or. Issu de diff\u00e9rentes ann\u00e9es il apporte un nez fruit\u00e9 et g\u00e9n\u00e9reux domin\u00e9 par les fruits rouges et p\u00eaches de vignes. C\u2019est le champagne d\u2019ap\u00e9ritif par excellence (aux&hellip;","jetpack_sharing_enabled":true,"_links":{"self":[{"href":"https:\/\/arnaud-de-cheurlin.com\/en\/wp-json\/wp\/v2\/product\/8354","targetHints":{"allow":["GET"]}}],"collection":[{"href":"https:\/\/arnaud-de-cheurlin.com\/en\/wp-json\/wp\/v2\/product"}],"about":[{"href":"https:\/\/arnaud-de-cheurlin.com\/en\/wp-json\/wp\/v2\/types\/product"}],"wp:featuredmedia":[{"embeddable":true,"href":"https:\/\/arnaud-de-cheurlin.com\/en\/wp-json\/wp\/v2\/media\/8372"}],"wp:attachment":[{"href":"https:\/\/arnaud-de-cheurlin.com\/en\/wp-json\/wp\/v2\/media?parent=8354"}],"wp:term":[{"taxonomy":"product_brand","embeddable":true,"href":"https:\/\/arnaud-de-cheurlin.com\/en\/wp-json\/wp\/v2\/product_brand?post=8354"},{"taxonomy":"product_cat","embeddable":true,"href":"https:\/\/arnaud-de-cheurlin.com\/en\/wp-json\/wp\/v2\/product_cat?post=8354"},{"taxonomy":"product_tag","embeddable":true,"href":"https:\/\/arnaud-de-cheurlin.com\/en\/wp-json\/wp\/v2\/product_tag?post=8354"}],"curies":[{"name":"wp","href":"https:\/\/api.w.org\/{rel}","templated":true}]}}