{"id":8350,"date":"2003-06-29T17:09:35","date_gmt":"2003-06-29T15:09:35","guid":{"rendered":"https:\/\/arnauddecheurlin.neoweb10.com\/?post_type=product&#038;p=8350"},"modified":"2026-02-06T17:32:48","modified_gmt":"2026-02-06T16:32:48","slug":"rose-brut","status":"publish","type":"product","link":"https:\/\/arnaud-de-cheurlin.com\/en\/product\/rose-brut\/","title":{"rendered":"Ros\u00e9 Brut"},"content":{"rendered":"<div class=\"elementor-element elementor-element-79332108 desc-boutique elementor-hidden-mobile elementor-widget elementor-widget-text-editor\" data-id=\"79332108\" data-element_type=\"widget\" data-settings=\"{&quot;ekit_we_effect_on&quot;:&quot;none&quot;}\" data-widget_type=\"text-editor.default\">\n<div class=\"elementor-widget-container\">(75% Pinot Noir \u2013 25% Chardonnay) Its golden hue reflects its predominant Pinot Noir content. The Chardonnay adds notes of citrus and white peaches. The initial taste is smooth and fruity. Rich and elegant, it can be enjoyed as an aperitif or paired with roasted poultry or a washed-rind cheese.<\/div>\n<\/div>","protected":false},"excerpt":{"rendered":"<div class=\"elementor-element elementor-element-79332108 desc-boutique elementor-hidden-mobile elementor-widget elementor-widget-text-editor\" data-id=\"79332108\" data-element_type=\"widget\" data-settings=\"{&quot;ekit_we_effect_on&quot;:&quot;none&quot;}\" data-widget_type=\"text-editor.default\">\n<div class=\"elementor-widget-container\">(100% Pinot noir) Une robe corail intense aux reflets cerise habille ce Champagne ros\u00e9. Dans la lign\u00e9e des grands vins il est issu de saign\u00e9e apr\u00e8s une mac\u00e9ration de plusieurs jours de grappes de pinot noir. Au nez comme en bouche un panier de fruits frais ravit le d\u00e9gustateur. D\u00e9licieux avec une viande r\u00f4tie, un fromage \u00e0 cro\u00fbte fleurie et parfait compagnon d&#8217;un dessert aux fruits rouges.<\/div>\n<\/div>","protected":false},"featured_media":8371,"template":"","meta":{"_uag_custom_page_level_css":"","jetpack_post_was_ever_published":false},"product_brand":[],"product_cat":[114],"product_tag":[],"class_list":{"0":"post-8350","1":"product","2":"type-product","3":"status-publish","4":"has-post-thumbnail","6":"product_cat-non-classe","8":"first","9":"instock","10":"shipping-taxable","11":"purchasable","12":"product-type-variable","13":"has-default-attributes"},"uagb_featured_image_src":{"full":["https:\/\/arnaud-de-cheurlin.com\/wp-content\/uploads\/2024\/06\/champagne-rose-brut-1.png",194,550,false],"thumbnail":["https:\/\/arnaud-de-cheurlin.com\/wp-content\/uploads\/2024\/06\/champagne-rose-brut-1-150x150.png",150,150,true],"medium":["https:\/\/arnaud-de-cheurlin.com\/wp-content\/uploads\/2024\/06\/champagne-rose-brut-1-106x300.png",106,300,true],"medium_large":["https:\/\/arnaud-de-cheurlin.com\/wp-content\/uploads\/2024\/06\/champagne-rose-brut-1.png",194,550,false],"large":["https:\/\/arnaud-de-cheurlin.com\/wp-content\/uploads\/2024\/06\/champagne-rose-brut-1.png",194,550,false],"1536x1536":["https:\/\/arnaud-de-cheurlin.com\/wp-content\/uploads\/2024\/06\/champagne-rose-brut-1.png",194,550,false],"2048x2048":["https:\/\/arnaud-de-cheurlin.com\/wp-content\/uploads\/2024\/06\/champagne-rose-brut-1.png",194,550,false],"trp-custom-language-flag":["https:\/\/arnaud-de-cheurlin.com\/wp-content\/uploads\/2024\/06\/champagne-rose-brut-1-4x12.png",4,12,true],"post-thumbnail":["https:\/\/arnaud-de-cheurlin.com\/wp-content\/uploads\/2024\/06\/champagne-rose-brut-1.png",194,550,false],"woocommerce_thumbnail":["https:\/\/arnaud-de-cheurlin.com\/wp-content\/uploads\/2024\/06\/champagne-rose-brut-1.png",194,550,false],"woocommerce_single":["https:\/\/arnaud-de-cheurlin.com\/wp-content\/uploads\/2024\/06\/champagne-rose-brut-1.png",194,550,false],"woocommerce_gallery_thumbnail":["https:\/\/arnaud-de-cheurlin.com\/wp-content\/uploads\/2024\/06\/champagne-rose-brut-1-194x320.png",194,320,true]},"uagb_author_info":{"display_name":"jojo_iso36","author_link":"https:\/\/arnaud-de-cheurlin.com\/en\/author\/"},"uagb_comment_info":0,"uagb_excerpt":"(100% Pinot noir) Une robe corail intense aux reflets cerise habille ce Champagne ros\u00e9. Dans la lign\u00e9e des grands vins il est issu de saign\u00e9e apr\u00e8s une mac\u00e9ration de plusieurs jours de grappes de pinot noir. Au nez comme en bouche un panier de fruits frais ravit le d\u00e9gustateur. D\u00e9licieux avec une viande r\u00f4tie, un&hellip;","jetpack_sharing_enabled":true,"_links":{"self":[{"href":"https:\/\/arnaud-de-cheurlin.com\/en\/wp-json\/wp\/v2\/product\/8350","targetHints":{"allow":["GET"]}}],"collection":[{"href":"https:\/\/arnaud-de-cheurlin.com\/en\/wp-json\/wp\/v2\/product"}],"about":[{"href":"https:\/\/arnaud-de-cheurlin.com\/en\/wp-json\/wp\/v2\/types\/product"}],"wp:featuredmedia":[{"embeddable":true,"href":"https:\/\/arnaud-de-cheurlin.com\/en\/wp-json\/wp\/v2\/media\/8371"}],"wp:attachment":[{"href":"https:\/\/arnaud-de-cheurlin.com\/en\/wp-json\/wp\/v2\/media?parent=8350"}],"wp:term":[{"taxonomy":"product_brand","embeddable":true,"href":"https:\/\/arnaud-de-cheurlin.com\/en\/wp-json\/wp\/v2\/product_brand?post=8350"},{"taxonomy":"product_cat","embeddable":true,"href":"https:\/\/arnaud-de-cheurlin.com\/en\/wp-json\/wp\/v2\/product_cat?post=8350"},{"taxonomy":"product_tag","embeddable":true,"href":"https:\/\/arnaud-de-cheurlin.com\/en\/wp-json\/wp\/v2\/product_tag?post=8350"}],"curies":[{"name":"wp","href":"https:\/\/api.w.org\/{rel}","templated":true}]}}