{"id":8348,"date":"2001-06-29T17:09:35","date_gmt":"2001-06-29T15:09:35","guid":{"rendered":"https:\/\/arnauddecheurlin.neoweb10.com\/?post_type=product&#038;p=8348"},"modified":"2026-02-06T17:41:06","modified_gmt":"2026-02-06T16:41:06","slug":"cuvee-prestige-brut","status":"publish","type":"product","link":"https:\/\/arnaud-de-cheurlin.com\/en\/product\/cuvee-prestige-brut\/","title":{"rendered":"Cuv\u00e9e Prestige Brut"},"content":{"rendered":"<div class=\"elementor-element elementor-element-47b061d0 desc-boutique elementor-hidden-mobile elementor-widget elementor-widget-text-editor\" data-id=\"47b061d0\" data-element_type=\"widget\" data-settings=\"{&quot;ekit_we_effect_on&quot;:&quot;none&quot;}\" data-widget_type=\"text-editor.default\">\n<div class=\"elementor-widget-container\">(50% Pinot noir \u2013 50% Chardonnay) V\u00eatu d&#8217;une robe magnifique or p\u00e2le, il est issu de coeur de cuv\u00e9e \u00e0 part \u00e9gale entre Pinot noir et Chardonnay. Ce vin est tout en nuance avec des notes de fleurs blanches, de fruits blancs et rouges. H\u00f4te parfait de vos ap\u00e9ritifs, ce champagne pourra \u00e9galement se d\u00e9guster sur un carpaccio de Saint Jacques ou sur un poisson plat.<\/div>\n<\/div>","protected":false},"excerpt":{"rendered":"<div class=\"elementor-element elementor-element-47b061d0 desc-boutique elementor-hidden-mobile elementor-widget elementor-widget-text-editor\" data-id=\"47b061d0\" data-element_type=\"widget\" data-settings=\"{&quot;ekit_we_effect_on&quot;:&quot;none&quot;}\" data-widget_type=\"text-editor.default\">\n<div class=\"elementor-widget-container\">(50% Pinot noir \u2013 50% Chardonnay) V\u00eatu d&#8217;une robe magnifique or p\u00e2le, il est issu de coeur de cuv\u00e9e \u00e0 part \u00e9gale entre Pinot noir et Chardonnay. Ce vin est tout en nuance avec des notes de fleurs blanches, de fruits blancs et rouges. H\u00f4te parfait de vos ap\u00e9ritifs, ce champagne pourra \u00e9galement se d\u00e9guster sur un carpaccio de Saint Jacques ou sur un poisson plat.<\/div>\n<\/div>","protected":false},"featured_media":8886,"template":"","meta":{"_uag_custom_page_level_css":"","jetpack_post_was_ever_published":false},"product_brand":[],"product_cat":[114],"product_tag":[],"class_list":{"0":"post-8348","1":"product","2":"type-product","3":"status-publish","4":"has-post-thumbnail","6":"product_cat-non-classe","8":"first","9":"instock","10":"purchasable","11":"product-type-variable","12":"has-default-attributes"},"uagb_featured_image_src":{"full":["https:\/\/arnaud-de-cheurlin.com\/wp-content\/uploads\/2024\/06\/Calque-23.png",195,550,false],"thumbnail":["https:\/\/arnaud-de-cheurlin.com\/wp-content\/uploads\/2024\/06\/Calque-23-150x150.png",150,150,true],"medium":["https:\/\/arnaud-de-cheurlin.com\/wp-content\/uploads\/2024\/06\/Calque-23-106x300.png",106,300,true],"medium_large":["https:\/\/arnaud-de-cheurlin.com\/wp-content\/uploads\/2024\/06\/Calque-23.png",195,550,false],"large":["https:\/\/arnaud-de-cheurlin.com\/wp-content\/uploads\/2024\/06\/Calque-23.png",195,550,false],"1536x1536":["https:\/\/arnaud-de-cheurlin.com\/wp-content\/uploads\/2024\/06\/Calque-23.png",195,550,false],"2048x2048":["https:\/\/arnaud-de-cheurlin.com\/wp-content\/uploads\/2024\/06\/Calque-23.png",195,550,false],"trp-custom-language-flag":["https:\/\/arnaud-de-cheurlin.com\/wp-content\/uploads\/2024\/06\/Calque-23-4x12.png",4,12,true],"post-thumbnail":["https:\/\/arnaud-de-cheurlin.com\/wp-content\/uploads\/2024\/06\/Calque-23.png",195,550,false],"woocommerce_thumbnail":["https:\/\/arnaud-de-cheurlin.com\/wp-content\/uploads\/2024\/06\/Calque-23.png",195,550,false],"woocommerce_single":["https:\/\/arnaud-de-cheurlin.com\/wp-content\/uploads\/2024\/06\/Calque-23.png",195,550,false],"woocommerce_gallery_thumbnail":["https:\/\/arnaud-de-cheurlin.com\/wp-content\/uploads\/2024\/06\/Calque-23-195x320.png",195,320,true]},"uagb_author_info":{"display_name":"jojo_iso36","author_link":"https:\/\/arnaud-de-cheurlin.com\/en\/author\/"},"uagb_comment_info":0,"uagb_excerpt":"(50% Pinot noir \u2013 50% Chardonnay) V\u00eatu d'une robe magnifique or p\u00e2le, il est issu de coeur de cuv\u00e9e \u00e0 part \u00e9gale entre Pinot noir et Chardonnay. Ce vin est tout en nuance avec des notes de fleurs blanches, de fruits blancs et rouges. H\u00f4te parfait de vos ap\u00e9ritifs, ce champagne pourra \u00e9galement se d\u00e9guster&hellip;","jetpack_sharing_enabled":true,"_links":{"self":[{"href":"https:\/\/arnaud-de-cheurlin.com\/en\/wp-json\/wp\/v2\/product\/8348","targetHints":{"allow":["GET"]}}],"collection":[{"href":"https:\/\/arnaud-de-cheurlin.com\/en\/wp-json\/wp\/v2\/product"}],"about":[{"href":"https:\/\/arnaud-de-cheurlin.com\/en\/wp-json\/wp\/v2\/types\/product"}],"wp:featuredmedia":[{"embeddable":true,"href":"https:\/\/arnaud-de-cheurlin.com\/en\/wp-json\/wp\/v2\/media\/8886"}],"wp:attachment":[{"href":"https:\/\/arnaud-de-cheurlin.com\/en\/wp-json\/wp\/v2\/media?parent=8348"}],"wp:term":[{"taxonomy":"product_brand","embeddable":true,"href":"https:\/\/arnaud-de-cheurlin.com\/en\/wp-json\/wp\/v2\/product_brand?post=8348"},{"taxonomy":"product_cat","embeddable":true,"href":"https:\/\/arnaud-de-cheurlin.com\/en\/wp-json\/wp\/v2\/product_cat?post=8348"},{"taxonomy":"product_tag","embeddable":true,"href":"https:\/\/arnaud-de-cheurlin.com\/en\/wp-json\/wp\/v2\/product_tag?post=8348"}],"curies":[{"name":"wp","href":"https:\/\/api.w.org\/{rel}","templated":true}]}}