{"id":8346,"date":"2024-06-29T17:09:35","date_gmt":"2024-06-29T15:09:35","guid":{"rendered":"https:\/\/arnauddecheurlin.neoweb10.com\/?post_type=product&#038;p=8346"},"modified":"2025-05-06T13:59:37","modified_gmt":"2025-05-06T11:59:37","slug":"cuvee-trentenaire","status":"publish","type":"product","link":"https:\/\/arnaud-de-cheurlin.com\/en\/product\/cuvee-trentenaire\/","title":{"rendered":"Cuv\u00e9e Trentenaire"},"content":{"rendered":"<div class=\"elementor-element elementor-element-2d3654d9 elementor-hidden-mobile elementor-widget elementor-widget-text-editor\" data-id=\"2d3654d9\" data-element_type=\"widget\" data-settings=\"{&quot;ekit_we_effect_on&quot;:&quot;none&quot;}\" data-widget_type=\"text-editor.default\">\n<div class=\"elementor-widget-container\">To celebrate its 30 years of bubbles, the house of Arnaud de Cheurlin has selected the best of its terroir for this \"30th Anniversary Cuv\u00e9e.\" Blended from 25% Chardonnay, 25% Pinot Meunier, and 50% Pinot Noir, it presents a beautiful pale gold color and reveals complexity both on the nose and the palate.<\/div>\n<\/div>","protected":false},"excerpt":{"rendered":"<div class=\"elementor-element elementor-element-2d3654d9 elementor-hidden-mobile elementor-widget elementor-widget-text-editor\" data-id=\"2d3654d9\" data-element_type=\"widget\" data-settings=\"{&quot;ekit_we_effect_on&quot;:&quot;none&quot;}\" data-widget_type=\"text-editor.default\">\n<div class=\"elementor-widget-container\">To celebrate its 30 years of bubbles, the house of Arnaud de Cheurlin has selected the best of its terroir for this \"30th Anniversary Cuv\u00e9e.\" Blended from 25% Chardonnay, 25% Pinot Meunier, and 50% Pinot Noir, it presents a beautiful pale gold color and reveals complexity both on the nose and the palate.<\/div>\n<\/div>","protected":false},"featured_media":9706,"template":"","meta":{"_uag_custom_page_level_css":"","jetpack_post_was_ever_published":false},"product_brand":[],"product_cat":[114],"product_tag":[],"class_list":{"0":"post-8346","1":"product","2":"type-product","3":"status-publish","4":"has-post-thumbnail","6":"product_cat-non-classe","8":"first","9":"outofstock","10":"purchasable","11":"product-type-variable","12":"has-default-attributes"},"uagb_featured_image_src":{"full":["https:\/\/arnaud-de-cheurlin.com\/wp-content\/uploads\/2024\/07\/admin-ajax.png",131,506,false],"thumbnail":["https:\/\/arnaud-de-cheurlin.com\/wp-content\/uploads\/2024\/07\/admin-ajax-131x150.png",131,150,true],"medium":["https:\/\/arnaud-de-cheurlin.com\/wp-content\/uploads\/2024\/07\/admin-ajax-78x300.png",78,300,true],"medium_large":["https:\/\/arnaud-de-cheurlin.com\/wp-content\/uploads\/2024\/07\/admin-ajax.png",131,506,false],"large":["https:\/\/arnaud-de-cheurlin.com\/wp-content\/uploads\/2024\/07\/admin-ajax.png",131,506,false],"1536x1536":["https:\/\/arnaud-de-cheurlin.com\/wp-content\/uploads\/2024\/07\/admin-ajax.png",131,506,false],"2048x2048":["https:\/\/arnaud-de-cheurlin.com\/wp-content\/uploads\/2024\/07\/admin-ajax.png",131,506,false],"trp-custom-language-flag":["https:\/\/arnaud-de-cheurlin.com\/wp-content\/uploads\/2024\/07\/admin-ajax-3x12.png",3,12,true],"post-thumbnail":["https:\/\/arnaud-de-cheurlin.com\/wp-content\/uploads\/2024\/07\/admin-ajax.png",131,506,false],"woocommerce_thumbnail":["https:\/\/arnaud-de-cheurlin.com\/wp-content\/uploads\/2024\/07\/admin-ajax.png",131,506,false],"woocommerce_single":["https:\/\/arnaud-de-cheurlin.com\/wp-content\/uploads\/2024\/07\/admin-ajax.png",131,506,false],"woocommerce_gallery_thumbnail":["https:\/\/arnaud-de-cheurlin.com\/wp-content\/uploads\/2024\/07\/admin-ajax-131x320.png",131,320,true]},"uagb_author_info":{"display_name":"jojo_iso36","author_link":"https:\/\/arnaud-de-cheurlin.com\/en\/author\/"},"uagb_comment_info":0,"uagb_excerpt":"Afin de c\u00e9l\u00e9brer ses 30 ans de bulles, la maison Arnaud de Cheurlin a s\u00e9lectionn\u00e9 le meilleur de son terroir pour cette \u201ccuv\u00e9e du trentenaire\u201d. Assembl\u00e9e \u00e0 partir de 25% de Chardonnay, de 25% de Pinot Meunier et de 50% de Pinot Noir, elle offre une jolie robe or p\u00e2le et d\u00e9voile une complexit\u00e9 au&hellip;","jetpack_sharing_enabled":true,"_links":{"self":[{"href":"https:\/\/arnaud-de-cheurlin.com\/en\/wp-json\/wp\/v2\/product\/8346","targetHints":{"allow":["GET"]}}],"collection":[{"href":"https:\/\/arnaud-de-cheurlin.com\/en\/wp-json\/wp\/v2\/product"}],"about":[{"href":"https:\/\/arnaud-de-cheurlin.com\/en\/wp-json\/wp\/v2\/types\/product"}],"wp:featuredmedia":[{"embeddable":true,"href":"https:\/\/arnaud-de-cheurlin.com\/en\/wp-json\/wp\/v2\/media\/9706"}],"wp:attachment":[{"href":"https:\/\/arnaud-de-cheurlin.com\/en\/wp-json\/wp\/v2\/media?parent=8346"}],"wp:term":[{"taxonomy":"product_brand","embeddable":true,"href":"https:\/\/arnaud-de-cheurlin.com\/en\/wp-json\/wp\/v2\/product_brand?post=8346"},{"taxonomy":"product_cat","embeddable":true,"href":"https:\/\/arnaud-de-cheurlin.com\/en\/wp-json\/wp\/v2\/product_cat?post=8346"},{"taxonomy":"product_tag","embeddable":true,"href":"https:\/\/arnaud-de-cheurlin.com\/en\/wp-json\/wp\/v2\/product_tag?post=8346"}],"curies":[{"name":"wp","href":"https:\/\/api.w.org\/{rel}","templated":true}]}}