{"id":6367,"date":"2024-06-28T23:17:32","date_gmt":"2024-06-28T21:17:32","guid":{"rendered":"https:\/\/arnauddecheurlin.neoweb10.com\/?page_id=6367"},"modified":"2024-09-09T10:49:29","modified_gmt":"2024-09-09T08:49:29","slug":"maison-arnaud-de-cheurlin","status":"publish","type":"page","link":"https:\/\/arnaud-de-cheurlin.com\/en\/maison-arnaud-de-cheurlin\/","title":{"rendered":"House of Arnaud de Cheurlin"},"content":{"rendered":"<div style=\"height:85px\" aria-hidden=\"true\" class=\"wp-block-spacer\"><\/div>\n\n\n<div class=\"n2_clear\"><ss3-force-full-width data-overflow-x=\"body\" data-horizontal-selector=\"\"><div class=\"n2-section-smartslider fitvidsignore  n2_clear\" data-ssid=\"3\" tabindex=\"0\" role=\"region\" aria-label=\"Slider\"><div id=\"n2-ss-3-align\" class=\"n2-ss-align\"><div class=\"n2-padding\"><div id=\"n2-ss-3\" data-creator=\"Smart Slider 3\" data-responsive=\"fullwidth\" class=\"n2-ss-slider n2-ow n2-has-hover n2notransition\">\n        <div class=\"n2-ss-slider-1 n2_ss__touch_element n2-ow\">\n            <div class=\"n2-ss-slider-2 n2-ow\">\n                                                <div class=\"n2-ss-slider-3 n2-ow\">\n\n                    <div class=\"n2-ss-slide-backgrounds n2-ow-all\"><div class=\"n2-ss-slide-background\" data-public-id=\"1\" data-mode=\"fill\"><div class=\"n2-ss-slide-background-image\" data-blur=\"0\" data-opacity=\"100\" data-x=\"45\" data-y=\"40\" data-alt=\"\" data-title=\"\" style=\"--ss-o-pos-x:45%;--ss-o-pos-y:40%\"><picture class=\"skip-lazy jetpack-lazy-image\" data-skip-lazy=\"1\"><img decoding=\"async\" src=\"\/\/arnaud-de-cheurlin.com\/wp-content\/uploads\/slider\/cache\/27d790ed1028e8c51923f433a9705ed5\/raisinsemma-nb.png\" alt=\"\" title=\"\" loading=\"lazy\" class=\"skip-lazy jetpack-lazy-image\" data-skip-lazy=\"1\"><\/picture><\/div><div data-gradient=\"horizontal\" data-color-start=\"RGBA(0,114,210,1)\" data-color-end=\"RGBA(0,182,195,1)\" style=\"background:linear-gradient(to right, RGBA(0,114,210,1) 0%,RGBA(0,182,195,1) 100%);\" class=\"n2-ss-slide-background-color\"><\/div><\/div><\/div>                    <div class=\"n2-ss-slider-4 n2-ow\">\n                        <svg xmlns=\"http:\/\/www.w3.org\/2000\/svg\" viewbox=\"0 0 1400 271\" data-related-device=\"desktopPortrait\" class=\"n2-ow n2-ss-preserve-size n2-ss-preserve-size--slider n2-ss-slide-limiter\"><\/svg><div data-first=\"1\" data-slide-duration=\"0\" data-id=\"10\" data-slide-public-id=\"1\" data-title=\"Slide 1\" class=\"n2-ss-slide n2-ow  n2-ss-slide-10\"><div role=\"note\" class=\"n2-ss-slide--focus\" tabindex=\"-1\">Slide 1<\/div><div class=\"n2-ss-layers-container n2-ss-slide-limiter n2-ow\"><div class=\"n2-ss-layer n2-ow n-uc-VgBYCRiAn5PH\" data-sstype=\"slide\" data-pm=\"default\"><div class=\"n2-ss-layer n2-ow n-uc-TYeztFMWaEYd\" data-pm=\"default\" data-sstype=\"content\" data-hasbackground=\"0\"><div class=\"n2-ss-section-main-content n2-ss-layer-with-background n2-ss-layer-content n2-ow n-uc-TYeztFMWaEYd-inner\"><div class=\"n2-ss-layer n2-ow n-uc-OxGkgz9En0AZ\" data-pm=\"normal\" data-sstype=\"layer\"><div class=\"n2-ss-item-image-content n2-ss-item-content n2-ow-all\"><img loading=\"lazy\" decoding=\"async\" id=\"n2-ss-3item1\" alt=\"\" class=\"skip-lazy jetpack-lazy-image\" width=\"1225\" height=\"354\" data-skip-lazy=\"1\" src=\"\/\/arnaud-de-cheurlin.com\/wp-content\/uploads\/slider3\/arnaud-de-cheurlin.png\" \/><\/div><\/div><div class=\"n2-ss-layer n2-ow n2-ss-layer--block n2-ss-has-self-align n-uc-RR7yrE58jQpo\" data-pm=\"normal\" data-sstype=\"row\"><div class=\"n2-ss-layer-row n2-ss-layer-with-background n-uc-RR7yrE58jQpo-inner\"><div class=\"n2-ss-layer-row-inner\"><div class=\"n2-ss-layer n2-ow n-uc-daSOBqVX8FmU\" data-pm=\"default\" data-sstype=\"col\"><div class=\"n2-ss-layer-col n2-ss-layer-with-background n2-ss-layer-content n-uc-daSOBqVX8FmU-inner\"><div class=\"n2-ss-layer n2-ow n-uc-h5a9ibzi0GSs\" data-pm=\"normal\" data-sstype=\"layer\"><h2 id=\"n2-ss-3item2\" class=\"n2-font-a3ebb03a75c503b2c1e8e031b696ba9d-hover   n2-ss-item-content n2-ss-text n2-ow\" style=\"display:block;\">Celles-sur-Ource<\/h2><\/div><\/div><\/div><\/div><\/div><\/div><\/div><\/div><\/div><\/div><\/div>                    <\/div>\n\n                                    <\/div>\n            <\/div>\n        <\/div>\n        <\/div><ss3-loader><\/ss3-loader><\/div><\/div><div class=\"n2_clear\"><\/div><\/div><\/ss3-force-full-width><\/div>\n\n\n<div style=\"height:85px\" aria-hidden=\"true\" class=\"wp-block-spacer\"><\/div>\n\n\n\n<div class=\"wp-block-group is-content-justification-center is-nowrap is-layout-flex wp-container-core-group-is-layout-1 wp-block-group-is-layout-flex\">\n<div class=\"wp-block-uagb-container min-width uagb-block-90a58697 default uagb-is-root-container\">\n<p class=\"has-text-align-center has-text-color has-link-color has-century-gothic-custom-font-family has-medium-font-size wp-elements-7c44538f7d5d7cebbdf466d6afc6df9a\" style=\"color:#b69352;margin-top:0;margin-right:0;margin-bottom:0;margin-left:0;padding-top:0;padding-right:0;padding-bottom:0;padding-left:0\">DISCOVER THE HOUSE OF ARNAUD DE CHEURLIN<\/p>\n<\/div>\n<\/div>\n\n\n\n<div style=\"height:25px\" aria-hidden=\"true\" class=\"wp-block-spacer\"><\/div>\n\n\n\n<div data-aos= \"fade-right\" data-aos-duration=\"400\" data-aos-delay=\"0\" data-aos-easing=\"ease\" data-aos-once=\"true\" class=\"wp-block-uagb-container uagb-block-845e79df alignfull uagb-is-root-container\"><div class=\"uagb-container-inner-blocks-wrap\">\n<div class=\"wp-block-columns is-layout-flex wp-container-core-columns-is-layout-1 wp-block-columns-is-layout-flex\" style=\"margin-top:0;margin-bottom:0;padding-top:0;padding-right:0;padding-bottom:0;padding-left:0\">\n<div class=\"wp-block-column is-vertically-aligned-center is-layout-flow wp-block-column-is-layout-flow\" style=\"padding-right:var(--wp--preset--spacing--70);padding-left:var(--wp--preset--spacing--70);flex-basis:60%\">\n<p class=\"has-black-color has-text-color has-link-color has-zap-4-font-family wp-elements-7ccb4b4e2046f7e5ce2653db50ab2ddd\" style=\"margin-top:var(--wp--preset--spacing--20);margin-right:0;margin-bottom:var(--wp--preset--spacing--20);margin-left:0;font-size:clamp(1.743rem, 1.743rem + ((1vw - 0.2rem) * 1.571), 3rem);\">It all started\u2026<\/p>\n\n\n\n<p class=\"text-justify has-century-gothic-custom-font-family\" style=\"margin-top:0;margin-right:0;margin-bottom:0;margin-left:0;font-size:clamp(0.875rem, 0.875rem + ((1vw - 0.2rem) * 0.469), 1.25rem);line-height:1.2\">A Celles-sur-Ource, petit village fran\u00e7ais situ\u00e9 dans le d\u00e9partement de l\u2019Aube. Une petite commune implant\u00e9e dans la Cote des Bar, au sud de la\u00a0Champagne, qui regorge d\u2019histoire passionnantes\u2026 Nous souhaitons vous raconter celle de notre domaine Arnaud de Cheurlin, n\u00e9 le si\u00e8cle dernier gr\u00e2ce \u00e0 la passion, l\u2019amour, d\u2019hommes et de femmes, entre parents, enfants, et arri\u00e8res petits-enfants o\u00f9 le travail et le respect de la terre sont nos principales valeurs.<\/p>\n<\/div>\n\n\n\n<div class=\"wp-block-column is-vertically-aligned-center is-layout-flow wp-block-column-is-layout-flow\" style=\"flex-basis:40%\">\n<div class=\"wp-block-uagb-image aligncenter uagb-block-a13cbf12 wp-block-uagb-image--layout-default wp-block-uagb-image--effect-static wp-block-uagb-image--align-center\"><figure class=\"wp-block-uagb-image__figure\"><img decoding=\"async\" srcset=\"https:\/\/arnaud-de-cheurlin.com\/wp-content\/uploads\/2024\/07\/1.png ,https:\/\/arnaud-de-cheurlin.com\/wp-content\/uploads\/2024\/07\/1.png 780w, https:\/\/arnaud-de-cheurlin.com\/wp-content\/uploads\/2024\/07\/1.png 360w\" sizes=\"auto, (max-width: 480px) 150px\" src=\"https:\/\/arnaud-de-cheurlin.com\/wp-content\/uploads\/2024\/07\/1.png\" alt=\"Arnaud de Cheurlin Champagne\" class=\"uag-image-9524\" width=\"359\" height=\"359\" title=\"1\" loading=\"lazy\" role=\"img\"\/><\/figure><\/div>\n<\/div>\n<\/div>\n<\/div><\/div>\n\n\n\n<div style=\"height:25px\" aria-hidden=\"true\" class=\"wp-block-spacer\"><\/div>\n\n\n\n<div data-aos= \"fade-left\" data-aos-duration=\"400\" data-aos-delay=\"0\" data-aos-easing=\"ease\" data-aos-once=\"true\" class=\"wp-block-uagb-container uag-hide-mob uagb-block-92bf2703 alignfull uagb-is-root-container\"><div class=\"uagb-container-inner-blocks-wrap\">\n<div class=\"wp-block-columns is-layout-flex wp-container-core-columns-is-layout-2 wp-block-columns-is-layout-flex\" style=\"margin-top:0;margin-bottom:0;padding-top:0;padding-right:0;padding-bottom:0;padding-left:0\">\n<div class=\"wp-block-column is-vertically-aligned-center is-layout-flow wp-block-column-is-layout-flow\" style=\"flex-basis:40%\">\n<div class=\"wp-block-uagb-image aligncenter uagb-block-a3c49f23 wp-block-uagb-image--layout-default wp-block-uagb-image--effect-static wp-block-uagb-image--align-center\"><figure class=\"wp-block-uagb-image__figure\"><img decoding=\"async\" srcset=\"https:\/\/arnaud-de-cheurlin.com\/wp-content\/uploads\/2024\/07\/2.png ,https:\/\/arnaud-de-cheurlin.com\/wp-content\/uploads\/2024\/07\/2.png 780w, https:\/\/arnaud-de-cheurlin.com\/wp-content\/uploads\/2024\/07\/2.png 360w\" sizes=\"auto, (max-width: 480px) 150px\" src=\"https:\/\/arnaud-de-cheurlin.com\/wp-content\/uploads\/2024\/07\/2.png\" alt=\"Arnaud de Cheurlin Champagne\" class=\"uag-image-9523\" width=\"359\" height=\"359\" title=\"2\" loading=\"lazy\" role=\"img\"\/><\/figure><\/div>\n<\/div>\n\n\n\n<div class=\"wp-block-column is-vertically-aligned-center is-layout-flow wp-block-column-is-layout-flow\" style=\"padding-right:var(--wp--preset--spacing--70);padding-left:var(--wp--preset--spacing--70);flex-basis:60%\">\n<p class=\"has-black-color has-text-color has-link-color has-zap-4-font-family wp-elements-627eafb95d8b9235d27fa00cd599575e\" style=\"margin-top:var(--wp--preset--spacing--20);margin-right:0;margin-bottom:var(--wp--preset--spacing--20);margin-left:0;font-size:clamp(1.743rem, 1.743rem + ((1vw - 0.2rem) * 1.571), 3rem);\">For 4 generations\u2026<\/p>\n\n\n\n<p class=\"text-justify has-century-gothic-custom-font-family\" style=\"margin-top:0;margin-right:0;margin-bottom:0;margin-left:0;font-size:clamp(0.875rem, 0.875rem + ((1vw - 0.2rem) * 0.469), 1.25rem);line-height:1.2\">Known for our unique expertise, Arnaud de Cheurlin champagnes embody a reflection of familial heritage and a love for working the land. After overcoming weather challenges and pests, we were able to rebuild our vineyard. We are now committed to producing the finest champagnes while upholding the utmost respect for our land, our ancestors, and Champagne traditions.<\/p>\n<\/div>\n<\/div>\n<\/div><\/div>\n\n\n\n<div data-aos= \"fade-left\" data-aos-duration=\"400\" data-aos-delay=\"0\" data-aos-easing=\"ease\" data-aos-once=\"true\" class=\"wp-block-uagb-container uag-hide-desktop uag-hide-tab uagb-block-d0878689 alignfull uagb-is-root-container\"><div class=\"uagb-container-inner-blocks-wrap\">\n<div class=\"wp-block-columns is-layout-flex wp-container-core-columns-is-layout-3 wp-block-columns-is-layout-flex\" style=\"margin-top:0;margin-bottom:0;padding-top:0;padding-right:0;padding-bottom:0;padding-left:0\">\n<div class=\"wp-block-column is-vertically-aligned-center is-layout-flow wp-block-column-is-layout-flow\" style=\"padding-right:var(--wp--preset--spacing--70);padding-left:var(--wp--preset--spacing--70);flex-basis:60%\">\n<p class=\"has-black-color has-text-color has-link-color has-zap-4-font-family wp-elements-627eafb95d8b9235d27fa00cd599575e\" style=\"margin-top:var(--wp--preset--spacing--20);margin-right:0;margin-bottom:var(--wp--preset--spacing--20);margin-left:0;font-size:clamp(1.743rem, 1.743rem + ((1vw - 0.2rem) * 1.571), 3rem);\">For 4 generations\u2026<\/p>\n\n\n\n<p class=\"text-justify has-century-gothic-custom-font-family\" style=\"margin-top:0;margin-right:0;margin-bottom:0;margin-left:0;font-size:clamp(0.875rem, 0.875rem + ((1vw - 0.2rem) * 0.469), 1.25rem);line-height:1.2\">Known for our unique expertise, Arnaud de Cheurlin champagnes embody a reflection of familial heritage and a love for working the land. After overcoming weather challenges and pests, we were able to rebuild our vineyard. We are now committed to producing the finest champagnes while upholding the utmost respect for our land, our ancestors, and Champagne traditions.<\/p>\n<\/div>\n\n\n\n<div class=\"wp-block-column is-vertically-aligned-center is-layout-flow wp-block-column-is-layout-flow\" style=\"flex-basis:40%\">\n<div class=\"wp-block-uagb-image aligncenter uagb-block-47dc2096 wp-block-uagb-image--layout-default wp-block-uagb-image--effect-static wp-block-uagb-image--align-center\"><figure class=\"wp-block-uagb-image__figure\"><img decoding=\"async\" srcset=\"https:\/\/arnaud-de-cheurlin.com\/wp-content\/uploads\/2024\/07\/2.png ,https:\/\/arnaud-de-cheurlin.com\/wp-content\/uploads\/2024\/07\/2.png 780w, https:\/\/arnaud-de-cheurlin.com\/wp-content\/uploads\/2024\/07\/2.png 360w\" sizes=\"auto, (max-width: 480px) 150px\" src=\"https:\/\/arnaud-de-cheurlin.com\/wp-content\/uploads\/2024\/07\/2.png\" alt=\"Arnaud de Cheurlin Champagne\" class=\"uag-image-9523\" width=\"359\" height=\"359\" title=\"2\" loading=\"lazy\" role=\"img\"\/><\/figure><\/div>\n<\/div>\n<\/div>\n<\/div><\/div>\n\n\n\n<div style=\"height:25px\" aria-hidden=\"true\" class=\"wp-block-spacer\"><\/div>\n\n\n\n<div data-aos= \"fade-right\" data-aos-duration=\"400\" data-aos-delay=\"0\" data-aos-easing=\"ease\" data-aos-once=\"true\" class=\"wp-block-uagb-container uagb-block-d976cdc2 alignfull uagb-is-root-container\"><div class=\"uagb-container-inner-blocks-wrap\">\n<div class=\"wp-block-columns is-layout-flex wp-container-core-columns-is-layout-4 wp-block-columns-is-layout-flex\" style=\"margin-top:0;margin-bottom:0;padding-top:0;padding-right:0;padding-bottom:0;padding-left:0\">\n<div class=\"wp-block-column is-vertically-aligned-center is-layout-flow wp-block-column-is-layout-flow\" style=\"padding-right:var(--wp--preset--spacing--70);padding-left:var(--wp--preset--spacing--70);flex-basis:60%\">\n<p class=\"has-black-color has-text-color has-link-color has-zap-4-font-family wp-elements-93ab50bd04447f1fb2d62e40a2098012\" style=\"margin-top:var(--wp--preset--spacing--20);margin-right:0;margin-bottom:var(--wp--preset--spacing--20);margin-left:0;font-size:clamp(1.743rem, 1.743rem + ((1vw - 0.2rem) * 1.571), 3rem);\">These are 10 hectares of vines and 3 Champagne grape varieties:<\/p>\n\n\n\n<p class=\"text-justify has-century-gothic-custom-font-family\" style=\"margin-top:0;margin-right:0;margin-bottom:0;margin-left:0;font-size:clamp(0.875rem, 0.875rem + ((1vw - 0.2rem) * 0.469), 1.25rem);line-height:1.2\">Pinot Noir, Pinot Meunier, and Chardonnay, regularly tended to in order to extract the best and ensure the complexity of the blends. Rich in their diversity, Arnaud de Cheurlin cuv\u00e9es provide a surprise with each tasting. All five of your senses will be awakened.<\/p>\n<\/div>\n\n\n\n<div class=\"wp-block-column is-vertically-aligned-center is-layout-flow wp-block-column-is-layout-flow\" style=\"flex-basis:40%\">\n<div class=\"wp-block-uagb-image aligncenter uagb-block-ea01ed45 wp-block-uagb-image--layout-default wp-block-uagb-image--effect-static wp-block-uagb-image--align-center\"><figure class=\"wp-block-uagb-image__figure\"><img decoding=\"async\" srcset=\"https:\/\/arnaud-de-cheurlin.com\/wp-content\/uploads\/2024\/07\/3.png ,https:\/\/arnaud-de-cheurlin.com\/wp-content\/uploads\/2024\/07\/3.png 780w, https:\/\/arnaud-de-cheurlin.com\/wp-content\/uploads\/2024\/07\/3.png 360w\" sizes=\"auto, (max-width: 480px) 150px\" src=\"https:\/\/arnaud-de-cheurlin.com\/wp-content\/uploads\/2024\/07\/3.png\" alt=\"Arnaud de Cheurlin Champagne\" class=\"uag-image-9522\" width=\"359\" height=\"359\" title=\"3\" loading=\"lazy\" role=\"img\"\/><\/figure><\/div>\n<\/div>\n<\/div>\n<\/div><\/div>\n\n\n\n<div style=\"height:25px\" aria-hidden=\"true\" class=\"wp-block-spacer\"><\/div>\n\n\n\n<div data-aos= \"fade-left\" data-aos-duration=\"400\" data-aos-delay=\"0\" data-aos-easing=\"ease\" data-aos-once=\"true\" class=\"wp-block-uagb-container uag-hide-mob uagb-block-e568b177 alignfull uagb-is-root-container\"><div class=\"uagb-container-inner-blocks-wrap\">\n<div class=\"wp-block-columns is-layout-flex wp-container-core-columns-is-layout-5 wp-block-columns-is-layout-flex\" style=\"margin-top:0;margin-bottom:0;padding-top:0;padding-right:0;padding-bottom:0;padding-left:0\">\n<div class=\"wp-block-column is-vertically-aligned-center is-layout-flow wp-block-column-is-layout-flow\" style=\"flex-basis:40%\">\n<div class=\"wp-block-uagb-image aligncenter uagb-block-ee0ac7b4 wp-block-uagb-image--layout-default wp-block-uagb-image--effect-static wp-block-uagb-image--align-center\"><figure class=\"wp-block-uagb-image__figure\"><img decoding=\"async\" srcset=\"https:\/\/arnaud-de-cheurlin.com\/wp-content\/uploads\/2024\/07\/4.png ,https:\/\/arnaud-de-cheurlin.com\/wp-content\/uploads\/2024\/07\/4.png 780w, https:\/\/arnaud-de-cheurlin.com\/wp-content\/uploads\/2024\/07\/4.png 360w\" sizes=\"auto, (max-width: 480px) 150px\" src=\"https:\/\/arnaud-de-cheurlin.com\/wp-content\/uploads\/2024\/07\/4.png\" alt=\"Arnaud de Cheurlin Champagne\" class=\"uag-image-9521\" width=\"359\" height=\"359\" title=\"4\" loading=\"lazy\" role=\"img\"\/><\/figure><\/div>\n<\/div>\n\n\n\n<div class=\"wp-block-column is-vertically-aligned-center is-layout-flow wp-block-column-is-layout-flow\" style=\"padding-right:var(--wp--preset--spacing--70);padding-left:var(--wp--preset--spacing--70);flex-basis:60%\">\n<p class=\"has-black-color has-text-color has-link-color has-zap-4-font-family wp-elements-eccfe898f73684670540043ffc3f4bbc\" style=\"margin-top:var(--wp--preset--spacing--20);margin-right:0;margin-bottom:var(--wp--preset--spacing--20);margin-left:0;font-size:clamp(1.743rem, 1.743rem + ((1vw - 0.2rem) * 1.571), 3rem);\">Our champagnes express themselves\u2026<\/p>\n\n\n\n<p class=\"text-justify has-century-gothic-custom-font-family\" style=\"margin-top:0;margin-right:0;margin-bottom:0;margin-left:0;font-size:clamp(0.875rem, 0.875rem + ((1vw - 0.2rem) * 0.469), 1.25rem);line-height:1.2\">\u2026and tell our story with finesse, balance, subtlety, and honesty. Our vines benefit from a clay-limestone soil and an ideal exposure. The art lies in producing a wine that is balanced and harmonious.<\/p>\n<\/div>\n<\/div>\n<\/div><\/div>\n\n\n\n<div data-aos= \"fade-left\" data-aos-duration=\"400\" data-aos-delay=\"0\" data-aos-easing=\"ease\" data-aos-once=\"true\" class=\"wp-block-uagb-container uag-hide-desktop uag-hide-tab uagb-block-085c9f1a alignfull uagb-is-root-container\"><div class=\"uagb-container-inner-blocks-wrap\">\n<div class=\"wp-block-columns is-layout-flex wp-container-core-columns-is-layout-6 wp-block-columns-is-layout-flex\" style=\"margin-top:0;margin-bottom:0;padding-top:0;padding-right:0;padding-bottom:0;padding-left:0\">\n<div class=\"wp-block-column is-vertically-aligned-center is-layout-flow wp-block-column-is-layout-flow\" style=\"padding-right:var(--wp--preset--spacing--70);padding-left:var(--wp--preset--spacing--70);flex-basis:60%\">\n<p class=\"has-black-color has-text-color has-link-color has-zap-4-font-family wp-elements-eccfe898f73684670540043ffc3f4bbc\" style=\"margin-top:var(--wp--preset--spacing--20);margin-right:0;margin-bottom:var(--wp--preset--spacing--20);margin-left:0;font-size:clamp(1.743rem, 1.743rem + ((1vw - 0.2rem) * 1.571), 3rem);\">Our champagnes express themselves\u2026<\/p>\n\n\n\n<p class=\"text-justify has-century-gothic-custom-font-family\" style=\"margin-top:0;margin-right:0;margin-bottom:0;margin-left:0;font-size:clamp(0.875rem, 0.875rem + ((1vw - 0.2rem) * 0.469), 1.25rem);line-height:1.2\">\u2026and tell our story with finesse, balance, subtlety, and honesty. Our vines benefit from a clay-limestone soil and an ideal exposure. The art lies in producing a wine that is balanced and harmonious.<\/p>\n<\/div>\n\n\n\n<div class=\"wp-block-column is-vertically-aligned-center is-layout-flow wp-block-column-is-layout-flow\" style=\"flex-basis:40%\">\n<div class=\"wp-block-uagb-image aligncenter uagb-block-6f892bc5 wp-block-uagb-image--layout-default wp-block-uagb-image--effect-static wp-block-uagb-image--align-center\"><figure class=\"wp-block-uagb-image__figure\"><img decoding=\"async\" srcset=\"https:\/\/arnaud-de-cheurlin.com\/wp-content\/uploads\/2024\/07\/4.png ,https:\/\/arnaud-de-cheurlin.com\/wp-content\/uploads\/2024\/07\/4.png 780w, https:\/\/arnaud-de-cheurlin.com\/wp-content\/uploads\/2024\/07\/4.png 360w\" sizes=\"auto, (max-width: 480px) 150px\" src=\"https:\/\/arnaud-de-cheurlin.com\/wp-content\/uploads\/2024\/07\/4.png\" alt=\"Arnaud de Cheurlin Champagne\" class=\"uag-image-9521\" width=\"359\" height=\"359\" title=\"4\" loading=\"lazy\" role=\"img\"\/><\/figure><\/div>\n<\/div>\n<\/div>\n<\/div><\/div>\n\n\n\n<div style=\"height:25px\" aria-hidden=\"true\" class=\"wp-block-spacer\"><\/div>\n\n\n\n<div data-aos= \"fade-right\" data-aos-duration=\"400\" data-aos-delay=\"0\" data-aos-easing=\"ease\" data-aos-once=\"true\" class=\"wp-block-uagb-container uagb-block-ae7da923 alignfull uagb-is-root-container\"><div class=\"uagb-container-inner-blocks-wrap\">\n<div class=\"wp-block-columns is-layout-flex wp-container-core-columns-is-layout-7 wp-block-columns-is-layout-flex\" style=\"margin-top:0;margin-bottom:0;padding-top:0;padding-right:0;padding-bottom:0;padding-left:0\">\n<div class=\"wp-block-column is-vertically-aligned-center is-layout-flow wp-block-column-is-layout-flow\" style=\"padding-right:var(--wp--preset--spacing--70);padding-left:var(--wp--preset--spacing--70);flex-basis:60%\">\n<p class=\"has-black-color has-text-color has-link-color has-zap-4-font-family wp-elements-73182adf66e0a30e085cf87983609fa5\" style=\"margin-top:var(--wp--preset--spacing--20);margin-right:0;margin-bottom:var(--wp--preset--spacing--20);margin-left:0;font-size:clamp(1.743rem, 1.743rem + ((1vw - 0.2rem) * 1.571), 3rem);\">Our craft\u2026<\/p>\n\n\n\n<p class=\"text-justify has-century-gothic-custom-font-family\" style=\"margin-top:0;margin-right:0;margin-bottom:0;margin-left:0;font-size:clamp(0.875rem, 0.875rem + ((1vw - 0.2rem) * 0.469), 1.25rem);line-height:1.2\">With the expertise of our oenologist, we create our blends. The wine is bottled, capped, and then stored on \"laths\" in our dark, cool cellars for a minimum of 15 months, and up to 6 years for our exceptional vintages. The slow transformation of sugar by the yeasts causes the \"sparkling\" effect. Once this is complete and before our cuv\u00e9es can be tasted, we carry out the \"disgorging\" and control the \"dosage.\" We are committed to providing you with enjoyment for as long as possible. It is with our hearts that we pass on to future generations our love for working with our vines and our wines. We wish you a pleasant tasting. The Arnaud de Cheurlin team.<\/p>\n<\/div>\n\n\n\n<div class=\"wp-block-column is-vertically-aligned-center is-layout-flow wp-block-column-is-layout-flow\" style=\"flex-basis:40%\">\n<div class=\"wp-block-uagb-image aligncenter uagb-block-af845984 wp-block-uagb-image--layout-default wp-block-uagb-image--effect-static wp-block-uagb-image--align-center\"><figure class=\"wp-block-uagb-image__figure\"><img decoding=\"async\" srcset=\"https:\/\/arnaud-de-cheurlin.com\/wp-content\/uploads\/2024\/07\/5.png ,https:\/\/arnaud-de-cheurlin.com\/wp-content\/uploads\/2024\/07\/5.png 780w, https:\/\/arnaud-de-cheurlin.com\/wp-content\/uploads\/2024\/07\/5.png 360w\" sizes=\"auto, (max-width: 480px) 150px\" src=\"https:\/\/arnaud-de-cheurlin.com\/wp-content\/uploads\/2024\/07\/5.png\" alt=\"Arnaud de Cheurlin Champagne\" class=\"uag-image-9520\" width=\"359\" height=\"359\" title=\"5\" loading=\"lazy\" role=\"img\"\/><\/figure><\/div>\n<\/div>\n<\/div>\n<\/div><\/div>\n\n\n\n<div style=\"height:25px\" aria-hidden=\"true\" class=\"wp-block-spacer\"><\/div>","protected":false},"excerpt":{"rendered":"<p>DECOUVRIR LA MAISON ARNAUD DE CHEURLIN Tout a commenc\u00e9&#8230; A Celles-sur-Ource, petit village fran\u00e7ais situ\u00e9 dans le d\u00e9partement de l\u2019Aube. Une petite commune implant\u00e9e dans la Cote des Bar, au sud de la\u00a0Champagne, qui regorge d\u2019histoire passionnantes\u2026 Nous souhaitons vous raconter celle de notre domaine Arnaud de Cheurlin, n\u00e9 le si\u00e8cle dernier gr\u00e2ce \u00e0 la [&hellip;]<\/p>\n","protected":false},"author":1,"featured_media":0,"parent":0,"menu_order":0,"comment_status":"closed","ping_status":"closed","template":"template-blank","meta":{"_uag_custom_page_level_css":"","jetpack_post_was_ever_published":false,"footnotes":""},"class_list":["post-6367","page","type-page","status-publish","hentry"],"uagb_featured_image_src":{"full":false,"thumbnail":false,"medium":false,"medium_large":false,"large":false,"1536x1536":false,"2048x2048":false,"trp-custom-language-flag":false,"post-thumbnail":false,"woocommerce_thumbnail":false,"woocommerce_single":false,"woocommerce_gallery_thumbnail":false},"uagb_author_info":{"display_name":"jojo_iso36","author_link":"https:\/\/arnaud-de-cheurlin.com\/en\/author\/jojo_iso36\/"},"uagb_comment_info":0,"uagb_excerpt":"DECOUVRIR LA MAISON ARNAUD DE CHEURLIN Tout a commenc\u00e9&#8230; A Celles-sur-Ource, petit village fran\u00e7ais situ\u00e9 dans le d\u00e9partement de l\u2019Aube. Une petite commune implant\u00e9e dans la Cote des Bar, au sud de la\u00a0Champagne, qui regorge d\u2019histoire passionnantes\u2026 Nous souhaitons vous raconter celle de notre domaine Arnaud de Cheurlin, n\u00e9 le si\u00e8cle dernier gr\u00e2ce \u00e0 la&hellip;","jetpack_sharing_enabled":true,"_links":{"self":[{"href":"https:\/\/arnaud-de-cheurlin.com\/en\/wp-json\/wp\/v2\/pages\/6367","targetHints":{"allow":["GET"]}}],"collection":[{"href":"https:\/\/arnaud-de-cheurlin.com\/en\/wp-json\/wp\/v2\/pages"}],"about":[{"href":"https:\/\/arnaud-de-cheurlin.com\/en\/wp-json\/wp\/v2\/types\/page"}],"author":[{"embeddable":true,"href":"https:\/\/arnaud-de-cheurlin.com\/en\/wp-json\/wp\/v2\/users\/1"}],"replies":[{"embeddable":true,"href":"https:\/\/arnaud-de-cheurlin.com\/en\/wp-json\/wp\/v2\/comments?post=6367"}],"version-history":[{"count":38,"href":"https:\/\/arnaud-de-cheurlin.com\/en\/wp-json\/wp\/v2\/pages\/6367\/revisions"}],"predecessor-version":[{"id":11445,"href":"https:\/\/arnaud-de-cheurlin.com\/en\/wp-json\/wp\/v2\/pages\/6367\/revisions\/11445"}],"wp:attachment":[{"href":"https:\/\/arnaud-de-cheurlin.com\/en\/wp-json\/wp\/v2\/media?parent=6367"}],"curies":[{"name":"wp","href":"https:\/\/api.w.org\/{rel}","templated":true}]}}