{"id":3,"date":"2023-11-08T16:25:17","date_gmt":"2023-11-08T15:25:17","guid":{"rendered":"https:\/\/arnauddecheurlin.neoweb10.com\/?page_id=3"},"modified":"2024-07-23T15:44:15","modified_gmt":"2024-07-23T13:44:15","slug":"politique-de-confidentialite","status":"publish","type":"page","link":"https:\/\/arnaud-de-cheurlin.com\/en\/politique-de-confidentialite\/","title":{"rendered":"Legal Notices"},"content":{"rendered":"<div style=\"height:85px\" aria-hidden=\"true\" class=\"wp-block-spacer\"><\/div>\n\n\n\n<div class=\"wp-block-cover\"><span aria-hidden=\"true\" class=\"wp-block-cover__background has-black-background-color has-background-dim\"><\/span><img loading=\"lazy\" decoding=\"async\" width=\"1920\" height=\"417\" class=\"wp-block-cover__image-background wp-image-9042\" alt=\"\" src=\"https:\/\/arnaud-de-cheurlin.com\/wp-content\/uploads\/2024\/07\/fond-commande2.jpg\" data-object-fit=\"cover\" srcset=\"https:\/\/arnaud-de-cheurlin.com\/wp-content\/uploads\/2024\/07\/fond-commande2.jpg 1920w, https:\/\/arnaud-de-cheurlin.com\/wp-content\/uploads\/2024\/07\/fond-commande2-640x139.jpg 640w, https:\/\/arnaud-de-cheurlin.com\/wp-content\/uploads\/2024\/07\/fond-commande2-980x213.jpg 980w, https:\/\/arnaud-de-cheurlin.com\/wp-content\/uploads\/2024\/07\/fond-commande2-300x65.jpg 300w, https:\/\/arnaud-de-cheurlin.com\/wp-content\/uploads\/2024\/07\/fond-commande2-1024x222.jpg 1024w, https:\/\/arnaud-de-cheurlin.com\/wp-content\/uploads\/2024\/07\/fond-commande2-768x167.jpg 768w, https:\/\/arnaud-de-cheurlin.com\/wp-content\/uploads\/2024\/07\/fond-commande2-1536x334.jpg 1536w, https:\/\/arnaud-de-cheurlin.com\/wp-content\/uploads\/2024\/07\/fond-commande2-18x4.jpg 18w\" sizes=\"auto, (max-width: 1920px) 100vw, 1920px\" \/><div class=\"wp-block-cover__inner-container is-layout-constrained wp-block-cover-is-layout-constrained\">\n<p class=\"has-text-align-center has-white-color has-text-color has-link-color has-zap-4-font-family has-humongous-font-size wp-elements-ea895747d258616d723bc7f6195dfa52\">Legal Notices<\/p>\n<\/div><\/div>\n\n\n\n<div style=\"height:100px\" aria-hidden=\"true\" class=\"wp-block-spacer\"><\/div>\n\n\n\n<div class=\"wp-block-group has-century-gothic-custom-font-family is-layout-constrained wp-container-core-group-is-layout-1 wp-block-group-is-layout-constrained\" style=\"padding-right:var(--wp--preset--spacing--40);padding-left:var(--wp--preset--spacing--40)\">\n<p class=\"has-century-gothic-font-family\"><strong>Le site internet https:\/\/arnaud-de-cheurlin.fr\/ est un site \u00e9dit\u00e9 par la Maison Arnaud de Cheurlin.<\/strong><br>Adresse : 58 Grande Rue, 10110 Celles-sur-Ource<br>T\u00e9l. : 03.25.38.53.90<br>N\u00ba SIRET : 38471348300012<br>Contact : contact@arnaud-de-cheurlin.fr<\/p>\n\n\n\n<p class=\"has-century-gothic-font-family\"><strong>Le fournisseur de l\u2019h\u00e9bergement est :&nbsp;<\/strong>&nbsp;<br>OVH \u2013 140 quai du Sartel \u2013 F-59100 Roubaix<\/p>\n\n\n\n<p class=\"has-century-gothic-font-family\"><strong>Pour visiter ou utiliser ce site, vous devez \u00eatre \u00e2g\u00e9 d\u2019au moins 18 ans.&nbsp;&nbsp;<br><\/strong>L\u2019acc\u00e8s au site www.arnaud-de-cheurlin.fr et \u00e0 l\u2019ensemble des services propos\u00e9s est gratuit.<br>Les \u00e9quipements (ordinateur, t\u00e9l\u00e9phone, etc.) permettant l\u2019acc\u00e8s au site sont \u00e0 la charge et rel\u00e8vent de la responsabilit\u00e9 exclusive de l\u2019internaute, de m\u00eame que les frais de t\u00e9l\u00e9communications induits par leur utilisation.<\/p>\n\n\n\n<p class=\"has-century-gothic-font-family\"><strong>Propri\u00e9t\u00e9 intellectuelle<\/strong><br>L\u2019ensemble des donn\u00e9es, textes, informations, images, photographies ou tout autre contenu diffus\u00e9 sur le site font l\u2019objet d\u2019une protection au titre du droit de la propri\u00e9t\u00e9 intellectuelle. Aucune reproduction, repr\u00e9sentation, utilisation ou adaptation de ces \u00e9l\u00e9ments, m\u00eame partielle, autres que celles pr\u00e9vues \u00e0 l\u2019article L 122-5 du Code de la propri\u00e9t\u00e9 intellectuelle, ne peut \u00eatre faite sans l\u2019autorisation expresse et \u00e9crite du Comit\u00e9 National du Pineau des Charentes, conform\u00e9ment aux articles L 111-1, L 122-1 et L 122-4 du CPI.<\/p>\n\n\n\n<p class=\"has-century-gothic-font-family\"><strong>Responsabilit\u00e9<\/strong><\/p>\n\n\n\n<p class=\"has-century-gothic-font-family\">Champagne Arnaud de Cheurlin&nbsp; s\u2019efforce de tenir \u00e0 jour le site www.arnaud-de-cheurlin.fr.&nbsp; Cependant il ne peut garantir, \u00e0 tout moment, l\u2019exhaustivit\u00e9 et l\u2019exactitude des informations qui y sont diffus\u00e9es, ni \u00eatre tenu pour responsable des suites de leur utilisation par les internautes.<\/p>\n\n\n\n<p class=\"has-century-gothic-font-family\">Ce site peut comporter des liens vers d\u2019autres sites Internet, toutefois Champagne Arnaud de Cheurlin ne peut \u00eatre tenu pour responsable de tout pr\u00e9judice survenu des suites de l\u2019utilisation de biens ou services mis \u00e0 disposition sur ces sites ou d\u2019informations diffus\u00e9es sur ceux-ci.<\/p>\n<\/div>","protected":false},"excerpt":{"rendered":"<p>Le site internet https:\/\/arnaud-de-cheurlin.fr\/ est un site \u00e9dit\u00e9 par la Maison Arnaud de Cheurlin.Adresse : 58 Grande Rue, 10110 Celles-sur-OurceT\u00e9l. : 03.25.38.53.90N\u00ba SIRET : 38471348300012Contact : contact@arnaud-de-cheurlin.fr Le fournisseur de l\u2019h\u00e9bergement est :&nbsp;&nbsp;OVH \u2013 140 quai du Sartel \u2013 F-59100 Roubaix Pour visiter ou utiliser ce site, vous devez \u00eatre \u00e2g\u00e9 d\u2019au moins 18 ans.&nbsp;&nbsp;L\u2019acc\u00e8s [&hellip;]<\/p>\n","protected":false},"author":1,"featured_media":0,"parent":0,"menu_order":0,"comment_status":"closed","ping_status":"closed","template":"template-blank","meta":{"_uag_custom_page_level_css":"","jetpack_post_was_ever_published":false,"footnotes":""},"class_list":["post-3","page","type-page","status-publish","hentry"],"uagb_featured_image_src":{"full":false,"thumbnail":false,"medium":false,"medium_large":false,"large":false,"1536x1536":false,"2048x2048":false,"trp-custom-language-flag":false,"post-thumbnail":false,"woocommerce_thumbnail":false,"woocommerce_single":false,"woocommerce_gallery_thumbnail":false},"uagb_author_info":{"display_name":"jojo_iso36","author_link":"https:\/\/arnaud-de-cheurlin.com\/en\/author\/jojo_iso36\/"},"uagb_comment_info":0,"uagb_excerpt":"Le site internet https:\/\/arnaud-de-cheurlin.fr\/ est un site \u00e9dit\u00e9 par la Maison Arnaud de Cheurlin.Adresse : 58 Grande Rue, 10110 Celles-sur-OurceT\u00e9l. : 03.25.38.53.90N\u00ba SIRET : 38471348300012Contact : contact@arnaud-de-cheurlin.fr Le fournisseur de l\u2019h\u00e9bergement est :&nbsp;&nbsp;OVH \u2013 140 quai du Sartel \u2013 F-59100 Roubaix Pour visiter ou utiliser ce site, vous devez \u00eatre \u00e2g\u00e9 d\u2019au moins 18 ans.&nbsp;&nbsp;L\u2019acc\u00e8s&hellip;","jetpack_sharing_enabled":true,"_links":{"self":[{"href":"https:\/\/arnaud-de-cheurlin.com\/en\/wp-json\/wp\/v2\/pages\/3","targetHints":{"allow":["GET"]}}],"collection":[{"href":"https:\/\/arnaud-de-cheurlin.com\/en\/wp-json\/wp\/v2\/pages"}],"about":[{"href":"https:\/\/arnaud-de-cheurlin.com\/en\/wp-json\/wp\/v2\/types\/page"}],"author":[{"embeddable":true,"href":"https:\/\/arnaud-de-cheurlin.com\/en\/wp-json\/wp\/v2\/users\/1"}],"replies":[{"embeddable":true,"href":"https:\/\/arnaud-de-cheurlin.com\/en\/wp-json\/wp\/v2\/comments?post=3"}],"version-history":[{"count":13,"href":"https:\/\/arnaud-de-cheurlin.com\/en\/wp-json\/wp\/v2\/pages\/3\/revisions"}],"predecessor-version":[{"id":10730,"href":"https:\/\/arnaud-de-cheurlin.com\/en\/wp-json\/wp\/v2\/pages\/3\/revisions\/10730"}],"wp:attachment":[{"href":"https:\/\/arnaud-de-cheurlin.com\/en\/wp-json\/wp\/v2\/media?parent=3"}],"curies":[{"name":"wp","href":"https:\/\/api.w.org\/{rel}","templated":true}]}}